{"id":612,"date":"2023-04-11T18:30:18","date_gmt":"2023-04-11T18:30:18","guid":{"rendered":"http:\/\/buergerverein-kirchrode.de\/?page_id=612"},"modified":"2023-04-16T12:06:57","modified_gmt":"2023-04-16T12:06:57","slug":"vorstandswahl-2023","status":"publish","type":"page","link":"https:\/\/buergerverein-kirchrode.de\/?page_id=612","title":{"rendered":"Vorstandswahl 2023"},"content":{"rendered":"\n<p><\/p>\n\n\n\n<p>Ein wichtiger Punkt f\u00fcr die Mitgliederversammlung am 21.04.23 um 19.00 Uhr im Gemeindehaus der St Jacobi Kirche werden die Wahlen f\u00fcr die neu zu verteilenden Posten des Vorstandes werden.<\/p>\n\n\n\n<p>Unsere Satzung sieht verschiedene Szenarien vor, 2 Posten sind noch voll im Amt, dieses Mal sind jedoch au\u00dferplanm\u00e4\u00dfig vier Posten neu zu vergeben, darunter u.a. die Position des Vorsitzenden und dessen Stellvertreter, sowie des Kassenwartes und des stellv. Schriftf\u00fchrers.<\/p>\n\n\n\n<p>F\u00fcr alle Posten haben sich motivierte Kandidaten gefunden, die bereits in der Vergangenheit viel f\u00fcr unseren Stadtteil getan haben und tun.<\/p>\n\n\n\n<p>Im einzelnen stellen sich jetzt alle 6 Kandidaten einmal vor, damit Sie sich einen guten ersten Eindruck machen k\u00f6nnen.<\/p>\n\n\n\n<p>Bei weiteren Fragen wenden Sie sich gerne schriftlich an <a href=\"mailto:info@buergerverein-kirchrode.net\">info@buergerverein-kirchrode.net<\/a> oder direkt an die jeweiligen Kandidaten. Die Kontaktdaten finden Sie bei den jeweiligen Profilen.<\/p>\n\n\n\n<p><br>Wir w\u00fcnschen den Kandidaten jetzt bereits Viel Erfolg f\u00fcr die Wahl sowie Gutes gelingen in den n\u00e4chsten Jahren, im Sinne des B\u00fcrgervereins, seiner Mitglieder und f\u00fcr unser Dorf!<\/p>\n\n\n\n<p>Es kandidieren zu den Positionen:<\/p>\n\n\n\n<ul>\n<li>1. Vorsitzenden &#8211; Herr Wolfgang Nestler <\/li>\n\n\n\n<li>Stellvertretenden Vorsitzenden &#8211; Herr Axel Kaus <\/li>\n\n\n\n<li>Kassenwart &#8211; Herr Peter zur Oven Krockhaus <\/li>\n\n\n\n<li>Stellvertreter des Kassenwarts &#8211; Herr Mike Arnold <\/li>\n\n\n\n<li>Schriftf\u00fchrer &#8211; Herr Hannes Hellmann   <\/li>\n\n\n\n<li>Stellvertreter des Schriftf\u00fchrers &#8211; Herr Alexander M\u00fcller<\/li>\n\n\n\n<li>Arbeitskreisleiter &#8211; Herr Thomas Stabenow  <\/li>\n\n\n\n<li>Pressewart &#8211; N.N.  <\/li>\n<\/ul>\n\n\n\n<p>Im Folgenden stellen sich die Personen kurz vor.<\/p>\n\n\n\n<h2 class=\"wp-block-heading\">Wolfgang Nestler<\/h2>\n\n\n\n<figure class=\"wp-block-image size-full is-resized\"><img decoding=\"async\" loading=\"lazy\" src=\"http:\/\/buergerverein-kirchrode.de\/wp-content\/uploads\/2023\/04\/wolfgang-nestler600_buergerverein.jpg\" alt=\"\" class=\"wp-image-613\" width=\"256\" height=\"256\" srcset=\"https:\/\/buergerverein-kirchrode.de\/wp-content\/uploads\/2023\/04\/wolfgang-nestler600_buergerverein.jpg 600w, https:\/\/buergerverein-kirchrode.de\/wp-content\/uploads\/2023\/04\/wolfgang-nestler600_buergerverein-300x300.jpg 300w, https:\/\/buergerverein-kirchrode.de\/wp-content\/uploads\/2023\/04\/wolfgang-nestler600_buergerverein-150x150.jpg 150w, https:\/\/buergerverein-kirchrode.de\/wp-content\/uploads\/2023\/04\/wolfgang-nestler600_buergerverein-220x220.jpg 220w\" sizes=\"(max-width: 256px) 100vw, 256px\" \/><\/figure>\n\n\n\n<div style=\"height:15px\" aria-hidden=\"true\" class=\"wp-block-spacer\"><\/div>\n\n\n\n<p>Ich bin Jahrgang 1970, gl\u00fccklich verheiratet und habe 3 tolle Kinder. Wir leben seit mehr als 15 Jahren hier im Stadtteil Kirchrode und f\u00fchlen uns hier zu Hause.<\/p>\n\n\n\n<p>Beruflich bin ich als Trainer, Coach und Berater daf\u00fcr zust\u00e4ndig, dass Unternehmen und deren Mitarbeitende sich nachhaltig und ganzheitlich entwickeln.<\/p>\n\n\n\n<p>Als Vorstands-Vorsitzender (Teamleiter) des neuen Vorstands Team sehe ich meine prim\u00e4re Aufgabe darin, das Team zu leiten, den Verein zu repr\u00e4sentieren, und die Interessen der Mitb\u00fcrger, besonders der Mitglieder zu sch\u00e4rfen, so dass wir uns alle gemeinsam in unserem Stadtteil wohlf\u00fchlen.<\/p>\n\n\n\n<p>Die Verbindung finden zwischen Jung und Alt, zwischen den Neuzugezogenen und den Alteingesessenen.<\/p>\n\n\n\n<p>Unser Stadtteil hat bereits viel Qualit\u00e4t, ein Miteinander wird es zuk\u00fcnftig noch weiter formen und die Qualit\u00e4t erh\u00f6hen.<\/p>\n\n\n\n<p>Aktivit\u00e4ten wie Spargelessen, Gr\u00fcnkohlessen, gemeinsame Aktivit\u00e4ten oder der wertvolle Weihnachtsmarkt geh\u00f6ren selbstverst\u00e4ndlich dazu, wie allerdings auch die Verbindung zu den anderen Vereinen, Clubs oder Einrichtungen.<\/p>\n\n\n\n<p>GEMEINSAM werden WIR etwas Tolles erreichen.<\/p>\n\n\n\n<p>Kontakt: wn@wn-g.de<\/p>\n\n\n\n<h2 class=\"wp-block-heading\">Axel Kaus<\/h2>\n\n\n\n<figure class=\"wp-block-image size-full\"><img decoding=\"async\" loading=\"lazy\" width=\"256\" height=\"256\" src=\"http:\/\/buergerverein-kirchrode.de\/wp-content\/uploads\/2023\/04\/Axel-Kaus_image.256x256.jpg\" alt=\"\" class=\"wp-image-616\" srcset=\"https:\/\/buergerverein-kirchrode.de\/wp-content\/uploads\/2023\/04\/Axel-Kaus_image.256x256.jpg 256w, https:\/\/buergerverein-kirchrode.de\/wp-content\/uploads\/2023\/04\/Axel-Kaus_image.256x256-150x150.jpg 150w, https:\/\/buergerverein-kirchrode.de\/wp-content\/uploads\/2023\/04\/Axel-Kaus_image.256x256-220x220.jpg 220w\" sizes=\"(max-width: 256px) 100vw, 256px\" \/><\/figure>\n\n\n\n<div style=\"height:15px\" aria-hidden=\"true\" class=\"wp-block-spacer\"><\/div>\n\n\n\n<p>Mein Name ist Axel Kaus und ich wurde 1973 hier in unserem sch\u00f6nen Stadtteil Kirchrode geboren. Nachdem ich in Kirchrode aufgewachsen bin, kehrte ich nach meinem Wehrdienst, meinem Studium und einem Auslandsaufenthalt gerne wieder hierher zur\u00fcck.<\/p>\n\n\n\n<p>Mit meiner in Hannover ans\u00e4ssigen Marketing- und PR-Agentur vertrete ich renommierte Kunden im In- und Ausland. Ich bin Mitglied im Deutschen Journalisten-Verband, dem Presseclub Hannover, dem Lions Club Tiergarten sowie einigen touristischen Vereinigungen.<\/p>\n\n\n\n<p>Vielen von Ihnen werde ich bereits als Mitglied des B\u00fcrgervereins Kirchrode bekannt sein, in den ich vor mittlerweile fast 20 Jahren eingetreten bin. Vor einigen Jahren habe ich f\u00fcr den B\u00fcrgerverein zum Beispiel das Familienfest auf dem Neuenkirchener Platz organisiert.<\/p>\n\n\n\n<p>Privat liegen meiner Lebensgef\u00e4hrtin und mir ein soziales Engagement sehr am Herzen. Insbesondere das Wohlergehen schutzbed\u00fcrftiger Kinder im In- und Ausland ist uns sehr wichtig.<\/p>\n\n\n\n<p>Ebenso wichtig wird es mir in der Vorstandsarbeit f\u00fcr den B\u00fcrgerverein sein, Kirchrode gemeinsam mit Ihnen noch lebens- und liebenswerter zu machen. Zwar leben wir schon im sch\u00f6nsten Stadtteil Hannovers, aber dennoch gibt es noch zahlreiche M\u00f6glichkeiten, wie wir Kirchrode mit einem aktiven B\u00fcrgerverein und tatkr\u00e4ftiger Unterst\u00fctzung seiner Mitglieder noch attraktiver machen k\u00f6nnen. Packen wir es gemeinsam an!<\/p>\n\n\n\n<h2 class=\"wp-block-heading\">Peter zur Oven Krockhaus<\/h2>\n\n\n\n<figure class=\"wp-block-image size-full is-resized\"><img decoding=\"async\" src=\"http:\/\/buergerverein-kirchrode.de\/wp-content\/uploads\/2023\/04\/peter-zu-oven-krockhaus.jpg\" alt=\"\" class=\"wp-image-640\" width=\"256\" srcset=\"https:\/\/buergerverein-kirchrode.de\/wp-content\/uploads\/2023\/04\/peter-zu-oven-krockhaus.jpg 768w, https:\/\/buergerverein-kirchrode.de\/wp-content\/uploads\/2023\/04\/peter-zu-oven-krockhaus-300x291.jpg 300w\" sizes=\"(max-width: 768px) 100vw, 768px\" \/><\/figure>\n\n\n\n<div style=\"height:15px\" aria-hidden=\"true\" class=\"wp-block-spacer\"><\/div>\n\n\n\n<p>Seit 2004 leben wir als Familie mit drei Kindern und Hund in dem sch\u00f6nen Stadtteil Kirchrode und lieben die urbane N\u00e4he und den l\u00e4ndlichen Flair. Ich bin Jahrgang 1967 und Gesellschafter\/ Gesch\u00e4ftsf\u00fchrer einer Steuerberatungskanzlei in der List. Ich freue mich gemeinsam mit meinen neuen Vorstandskollegen als Schatzmeister t\u00e4tig zu werden. Meine Aufgaben sehe ich in der verantwortungsvollen Verwaltung der Finanzen sowie in der wirtschaftlichen Planung und Entwicklung unserer Veranstaltungen. Als Mitglied von Round Table 117 ist mir der Servicegedanke und der Dienst an der Allgemeinheit sehr wichtig. Daher m\u00f6chte ich helfen, in unserem Kirchrode, das Miteinander von Alt und Jung sowie die Aufgeschlossenheit und das Interesse gegen\u00fcber traditionellen wie neuen Ideen zu f\u00f6rdern.<\/p>\n\n\n\n<h2 class=\"wp-block-heading\">Hannes Hellmann<\/h2>\n\n\n\n<figure class=\"wp-block-image size-full is-resized\"><img decoding=\"async\" src=\"http:\/\/buergerverein-kirchrode.de\/wp-content\/uploads\/2023\/04\/hannes-hellmann.1024x1024.jpg\" alt=\"\" class=\"wp-image-619\" width=\"256\" srcset=\"https:\/\/buergerverein-kirchrode.de\/wp-content\/uploads\/2023\/04\/hannes-hellmann.1024x1024.jpg 1024w, https:\/\/buergerverein-kirchrode.de\/wp-content\/uploads\/2023\/04\/hannes-hellmann.1024x1024-300x300.jpg 300w, https:\/\/buergerverein-kirchrode.de\/wp-content\/uploads\/2023\/04\/hannes-hellmann.1024x1024-150x150.jpg 150w, https:\/\/buergerverein-kirchrode.de\/wp-content\/uploads\/2023\/04\/hannes-hellmann.1024x1024-768x768.jpg 768w, https:\/\/buergerverein-kirchrode.de\/wp-content\/uploads\/2023\/04\/hannes-hellmann.1024x1024-220x220.jpg 220w\" sizes=\"(max-width: 1024px) 100vw, 1024px\" \/><\/figure>\n\n\n\n<div style=\"height:15px\" aria-hidden=\"true\" class=\"wp-block-spacer\"><\/div>\n\n\n\n<p>Hannes Hellmann, Jahrgang 1954, verheiratet, Kirchr\u00f6der seit 1962, zuletzt 14 Jahre lang bis 31.12.22 Gesch\u00e4ftsf\u00fchrer des Behinderten-Sportverbands Niedersachsen auf freiberuflicher Basis. Dort jetzt ehrenamtlich t\u00e4tig (u. a. Alleinredaktion Verbandsmagazin, Betreuung der Stiftung). Seit 1981 Ratsherr der LHH, seit 2006 Mitglied im Bezirksrat Kirchrode\/Bemerode\/W\u00fclferode. Div. mehr oder weniger aktive Vereinsmitgliedschaften \u2013 u. a. Freiw. Feuerwehr (ca. 25 Jahre lang aktiver Dienst), Sch\u00fctzengilde, Sozialverband, seit 1979 Schriftf\u00fchrer des B\u00fcrgervereins.<\/p>\n\n\n\n<h2 class=\"wp-block-heading\">Mike Arnold<\/h2>\n\n\n\n<figure class=\"wp-block-image size-full\"><img decoding=\"async\" loading=\"lazy\" width=\"256\" height=\"256\" src=\"http:\/\/buergerverein-kirchrode.de\/wp-content\/uploads\/2023\/04\/mike-arnold.256x256.jpg\" alt=\"\" class=\"wp-image-620\" srcset=\"https:\/\/buergerverein-kirchrode.de\/wp-content\/uploads\/2023\/04\/mike-arnold.256x256.jpg 256w, https:\/\/buergerverein-kirchrode.de\/wp-content\/uploads\/2023\/04\/mike-arnold.256x256-150x150.jpg 150w, https:\/\/buergerverein-kirchrode.de\/wp-content\/uploads\/2023\/04\/mike-arnold.256x256-220x220.jpg 220w\" sizes=\"(max-width: 256px) 100vw, 256px\" \/><\/figure>\n\n\n\n<div style=\"height:15px\" aria-hidden=\"true\" class=\"wp-block-spacer\"><\/div>\n\n\n\n<p>Mike Arnold, Jahrgang 1976, verheiratet, 4 Kinder (19, 17, 15,10) Kirchr\u00f6der seit 2001, 20 Jahre Wirt der Tiergartensch\u00e4nke (bis 2020). Aktuell Gebietsverkaufsleiter Einbecker Brauhaus AG, von 2016-2021 Kassenwart des B\u00fcrgervereins und seit 2021 stlv. Kassenwart.<\/p>\n\n\n\n<h2 class=\"wp-block-heading\">Alexander M\u00fcller<\/h2>\n\n\n\n<figure class=\"wp-block-image size-large is-resized\"><img decoding=\"async\" src=\"http:\/\/buergerverein-kirchrode.de\/wp-content\/uploads\/2023\/04\/WhatsApp-Image-2023-04-13-at-22.31.37-1-803x1024.jpeg\" alt=\"\" class=\"wp-image-632\" width=\"256\" srcset=\"https:\/\/buergerverein-kirchrode.de\/wp-content\/uploads\/2023\/04\/WhatsApp-Image-2023-04-13-at-22.31.37-1-803x1024.jpeg 803w, https:\/\/buergerverein-kirchrode.de\/wp-content\/uploads\/2023\/04\/WhatsApp-Image-2023-04-13-at-22.31.37-1-235x300.jpeg 235w, https:\/\/buergerverein-kirchrode.de\/wp-content\/uploads\/2023\/04\/WhatsApp-Image-2023-04-13-at-22.31.37-1-768x979.jpeg 768w, https:\/\/buergerverein-kirchrode.de\/wp-content\/uploads\/2023\/04\/WhatsApp-Image-2023-04-13-at-22.31.37-1.jpeg 945w\" sizes=\"(max-width: 803px) 100vw, 803px\" \/><\/figure>\n\n\n\n<div style=\"height:15px\" aria-hidden=\"true\" class=\"wp-block-spacer\"><\/div>\n\n\n\n<p>Alexander M\u00fcller, Jahrgang 1974, verheiratet, zwei schulpflichtige Kinder, seit der Geburt&nbsp; Hannoveraner ( Bemerode;) ) und seit 2004 Kirchr\u00f6der. Seit \u00fcber 20 Jahren Rechtsanwalt. Ehrenamtlich seit 2007 bei Round Table 117 und seit dem Erreichen des 41 Lebensjahre bei Old Table 117.&nbsp;<\/p>\n\n\n\n<p>Ich m\u00f6chte dabei helfen, den f\u00fcr mich sch\u00f6nsten Stadtteil in Hannover lebens- und liebenswert zu erhalten und insbesondere den traditionellen Weihnachtsmarkt wieder zu neuem Leben zu erwecken.<\/p>\n\n\n\n<h2 class=\"wp-block-heading\">Thomas Stabenow<\/h2>\n\n\n\n<figure class=\"wp-block-image size-large is-resized\"><img decoding=\"async\" src=\"http:\/\/buergerverein-kirchrode.de\/wp-content\/uploads\/2023\/04\/Foto-Thomas-Stabenow_MorgenMorgen-1024x1024.jpg\" alt=\"\" class=\"wp-image-643\" width=\"256\" srcset=\"https:\/\/buergerverein-kirchrode.de\/wp-content\/uploads\/2023\/04\/Foto-Thomas-Stabenow_MorgenMorgen-1024x1024.jpg 1024w, https:\/\/buergerverein-kirchrode.de\/wp-content\/uploads\/2023\/04\/Foto-Thomas-Stabenow_MorgenMorgen-300x300.jpg 300w, https:\/\/buergerverein-kirchrode.de\/wp-content\/uploads\/2023\/04\/Foto-Thomas-Stabenow_MorgenMorgen-150x150.jpg 150w, https:\/\/buergerverein-kirchrode.de\/wp-content\/uploads\/2023\/04\/Foto-Thomas-Stabenow_MorgenMorgen-768x768.jpg 768w, https:\/\/buergerverein-kirchrode.de\/wp-content\/uploads\/2023\/04\/Foto-Thomas-Stabenow_MorgenMorgen-220x220.jpg 220w, https:\/\/buergerverein-kirchrode.de\/wp-content\/uploads\/2023\/04\/Foto-Thomas-Stabenow_MorgenMorgen.jpg 1067w\" sizes=\"(max-width: 1024px) 100vw, 1024px\" \/><\/figure>\n\n\n\n<div style=\"height:15px\" aria-hidden=\"true\" class=\"wp-block-spacer\"><\/div>\n\n\n\n<p>Ich bin Thomas Stabenow, Jahrgang 1966, geboren in Hannover-Buchholz, beruflich viele Jahre in Deutschland f\u00fcr die Versicherungswirtschaft unterwegs und seit 2005 mit meiner Frau, drei &#8211; mittlerweile erwachsenen &#8211; Kindern und Hund im sch\u00f6nen Kirchrode angekommen. Ich bin Gr\u00fcndungsmitglied eines hannoverschen Lions-Clubs, J\u00e4ger aus Passion und interessiere mich f\u00fcr soziale, politische und kulturelle Themen. Gern m\u00f6chte ich mit meiner Erfahrung und meiner Motivation als Arbeitskreisleiter zur Wiederbelebung des Kirchr\u00f6der Weihnachtsmarkts und weiterer Aktivit\u00e4ten zum Miteinander in Kirchrode beitragen. \u00a0<\/p>\n","protected":false},"excerpt":{"rendered":"<p>Ein wichtiger Punkt f\u00fcr die Mitgliederversammlung am 21.04.23 um 19.00 Uhr im Gemeindehaus der St Jacobi Kirche werden die Wahlen f\u00fcr die neu zu verteilenden Posten des Vorstandes werden. Unsere Satzung sieht verschiedene Szenarien vor, 2<a class=\"moretag\" href=\"https:\/\/buergerverein-kirchrode.de\/?page_id=612\">Read More&#8230;<\/a><\/p>\n","protected":false},"author":2,"featured_media":0,"parent":0,"menu_order":0,"comment_status":"closed","ping_status":"closed","template":"","meta":[],"_links":{"self":[{"href":"https:\/\/buergerverein-kirchrode.de\/index.php?rest_route=\/wp\/v2\/pages\/612"}],"collection":[{"href":"https:\/\/buergerverein-kirchrode.de\/index.php?rest_route=\/wp\/v2\/pages"}],"about":[{"href":"https:\/\/buergerverein-kirchrode.de\/index.php?rest_route=\/wp\/v2\/types\/page"}],"author":[{"embeddable":true,"href":"https:\/\/buergerverein-kirchrode.de\/index.php?rest_route=\/wp\/v2\/users\/2"}],"replies":[{"embeddable":true,"href":"https:\/\/buergerverein-kirchrode.de\/index.php?rest_route=%2Fwp%2Fv2%2Fcomments&post=612"}],"version-history":[{"count":19,"href":"https:\/\/buergerverein-kirchrode.de\/index.php?rest_route=\/wp\/v2\/pages\/612\/revisions"}],"predecessor-version":[{"id":648,"href":"https:\/\/buergerverein-kirchrode.de\/index.php?rest_route=\/wp\/v2\/pages\/612\/revisions\/648"}],"wp:attachment":[{"href":"https:\/\/buergerverein-kirchrode.de\/index.php?rest_route=%2Fwp%2Fv2%2Fmedia&parent=612"}],"curies":[{"name":"wp","href":"https:\/\/api.w.org\/{rel}","templated":true}]}}