{"id":100,"date":"2016-03-11T18:56:22","date_gmt":"2016-03-11T18:56:22","guid":{"rendered":"http:\/\/buergerverein-kirchrode.net\/?page_id=100"},"modified":"2016-03-12T13:29:51","modified_gmt":"2016-03-12T13:29:51","slug":"100-2","status":"publish","type":"page","link":"https:\/\/buergerverein-kirchrode.de\/?page_id=100","title":{"rendered":"Links"},"content":{"rendered":"<h3 class=\"widget-title\">Kinderg\u00e4rten<\/h3>\n<ul class=\"xoxo blogroll\">\n<li><a href=\"http:\/\/www.kindergarten-kirchrode.de\/Kindergarten-kirchrode\/Herzlich_Willkommen.html\" target=\"_blank\">Eltern-Initiativ-Kindergarten in der Jakobigemeinde e.V.<\/a><\/li>\n<li><a href=\"http:\/\/www.jakobi-kirchrode.de\/gemeinde-leben\/kita\" target=\"_blank\">Kindertagesst\u00e4tte Jakobigemeinde e.V.<\/a><\/li>\n<li><a title=\"Ein Kindergarten auf dem Kronsberg, N\u00e4he Messegle\u00e4nde\" href=\"http:\/\/kronsbergkruemel.de\/\" target=\"_blank\">Kronsbergkr\u00fcmel<\/a><\/li>\n<li><a href=\"http:\/\/www.kita.de\/kita\/31031\" target=\"_blank\">Lehrkita Neunkirchener Platz<\/a><\/li>\n<\/ul>\n<h3 class=\"widget-title\">Sport<\/h3>\n<ul class=\"xoxo blogroll\">\n<li><a href=\"http:\/\/tsv-kirchrode.de\" target=\"_blank\">TSV Kirchrode e.V.<\/a><\/li>\n<li><a href=\"http:\/\/www.turn-klubb.de\/de\/tkh\/sportstaetten\/sportzentrum-kirchrode\" target=\"_blank\">Turn-Klubb Hannover (TKH)<\/a><\/li>\n<\/ul>\n<h3 class=\"widget-title\">Krankenh\u00e4user<\/h3>\n<ul class=\"xoxo blogroll\">\n<li><a href=\"https:\/\/www.diakovere.de\/unternehmen-mehr\/stiftung\/traeger\/annastift\/\" target=\"_blank\">Annastift<\/a><\/li>\n<li><a href=\"https:\/\/www.diakovere.de\/unternehmen-mehr\/stiftung\/traeger\/henriettenstift\/\" target=\"_blank\">Henriettenstift (Neu-Bethesda)<\/a><\/li>\n<li><a href=\"http:\/\/www.pnz-hannover.de\/\" target=\"_blank\">Perinatalzentrum \/ Henriettenstift<\/a><\/li>\n<li><a href=\"http:\/\/www.vinzenz-verbund.de\/vinzenz-hannover\/\" target=\"_blank\">Vinzenz-Krankenhaus<\/a><\/li>\n<\/ul>\n<h3 class=\"widget-title\">Kirchen<\/h3>\n<ul class=\"xoxo blogroll\">\n<li><a href=\"http:\/\/www.alt-katholisch-hannover.de\/\" target=\"_blank\">Alt-Katholische Gemeinde Hannover<\/a><\/li>\n<li><a title=\"Evangelische Kirche\" href=\"http:\/\/www.jakobi-kirchrode.de\" target=\"_blank\">Jakobi-Kirche<\/a><\/li>\n<li><a href=\"http:\/\/www.heilige-engel.de\/bho\/dcms\/sites\/bistum\/pfarreien\/hanengel\/index.htm\" target=\"_blank\">Zu den heiligen Engeln<\/a><\/li>\n<\/ul>\n","protected":false},"excerpt":{"rendered":"<p>Kinderg\u00e4rten Eltern-Initiativ-Kindergarten in der Jakobigemeinde e.V. Kindertagesst\u00e4tte Jakobigemeinde e.V. Kronsbergkr\u00fcmel Lehrkita Neunkirchener Platz Sport TSV Kirchrode e.V. Turn-Klubb Hannover (TKH) Krankenh\u00e4user Annastift Henriettenstift (Neu-Bethesda) Perinatalzentrum \/ Henriettenstift Vinzenz-Krankenhaus Kirchen Alt-Katholische Gemeinde Hannover Jakobi-Kirche Zu den heiligen<a class=\"moretag\" href=\"https:\/\/buergerverein-kirchrode.de\/?page_id=100\">Read More&#8230;<\/a><\/p>\n","protected":false},"author":1,"featured_media":0,"parent":0,"menu_order":0,"comment_status":"closed","ping_status":"closed","template":"","meta":[],"_links":{"self":[{"href":"https:\/\/buergerverein-kirchrode.de\/index.php?rest_route=\/wp\/v2\/pages\/100"}],"collection":[{"href":"https:\/\/buergerverein-kirchrode.de\/index.php?rest_route=\/wp\/v2\/pages"}],"about":[{"href":"https:\/\/buergerverein-kirchrode.de\/index.php?rest_route=\/wp\/v2\/types\/page"}],"author":[{"embeddable":true,"href":"https:\/\/buergerverein-kirchrode.de\/index.php?rest_route=\/wp\/v2\/users\/1"}],"replies":[{"embeddable":true,"href":"https:\/\/buergerverein-kirchrode.de\/index.php?rest_route=%2Fwp%2Fv2%2Fcomments&post=100"}],"version-history":[{"count":11,"href":"https:\/\/buergerverein-kirchrode.de\/index.php?rest_route=\/wp\/v2\/pages\/100\/revisions"}],"predecessor-version":[{"id":139,"href":"https:\/\/buergerverein-kirchrode.de\/index.php?rest_route=\/wp\/v2\/pages\/100\/revisions\/139"}],"wp:attachment":[{"href":"https:\/\/buergerverein-kirchrode.de\/index.php?rest_route=%2Fwp%2Fv2%2Fmedia&parent=100"}],"curies":[{"name":"wp","href":"https:\/\/api.w.org\/{rel}","templated":true}]}}