{"id":723,"date":"2024-05-06T19:48:27","date_gmt":"2024-05-06T19:48:27","guid":{"rendered":"https:\/\/buergerverein-kirchrode.de\/?page_id=723"},"modified":"2024-05-20T09:16:08","modified_gmt":"2024-05-20T09:16:08","slug":"vorstandswahl-2024","status":"publish","type":"page","link":"http:\/\/buergerverein-kirchrode.de\/?page_id=723","title":{"rendered":"Vorstandswahl 2024"},"content":{"rendered":"\n<p>Ein wichtiger Punkt f\u00fcr die Mitgliederversammlung am 22.05.2024 um 18.00 Uhr in der alten Hahnenburg werden die Wahlen f\u00fcr die neu zu verteilenden Posten des Vorstandes werden.<\/p>\n\n\n\n<p>Unsere Satzung sieht verschiedene Szenarien vor, drei Posten sind noch voll im Amt, dieses Mal sind jedoch au\u00dferplanm\u00e4\u00dfig drei Posten neu zu vergeben, darunter u.a. die Position des stellvertretenden Vorsitzenden, sowie des Kassenwartes und des stellv. Schriftf\u00fchrers.<\/p>\n\n\n\n<p>Diese Posten sind derzeit kommissarisch besetzt und die motivierten Kandidaten stellen sich zur offiziellen Wahl. <\/p>\n\n\n\n<p>Im einzelnen stellen sich jetzt alle 3 Kandidaten einmal vor, damit Sie sich einen guten ersten Eindruck machen k\u00f6nnen.<\/p>\n\n\n\n<p>Dar\u00fcberhinaus suchen wir noch dringend folgende Positionen:<\/p>\n\n\n\n<ul>\n<li>Arbeitskreisleiter<\/li>\n\n\n\n<li>Pressewart<\/li>\n<\/ul>\n\n\n\n<p>Bei weiteren Fragen, Vorschl\u00e4gen und Interesse wenden Sie sich gerne schriftlich an <a href=\"mailto:info@buergerverein-kirchrode.net\">info@buergerverein-kirchrode.net<\/a> oder direkt an die jeweiligen Kandidaten. Die Kontaktdaten finden Sie bei den jeweiligen Profilen. <\/p>\n\n\n\n<p>Wir w\u00fcnschen den Kandidaten jetzt bereits Viel Erfolg f\u00fcr die Wahl sowie Gutes gelingen in den n\u00e4chsten Jahren, im Sinne des B\u00fcrgervereins, seiner Mitglieder und f\u00fcr unser Dorf!<\/p>\n\n\n\n<p>Es kandidieren zu den Positionen:<\/p>\n\n\n\n<ul>\n<li>Stellvertretenden Vorsitzenden &#8211; Herr Hans Jo Bischoff <\/li>\n\n\n\n<li>Kassenwart &#8211; Herr Matthias Brambrink   <\/li>\n\n\n\n<li>Stellvertreter des Schriftf\u00fchrers &#8211; Herr Tim T\u00f6pken<\/li>\n\n\n\n<li>Arbeitskreisleiter &#8211; N.N.  <\/li>\n\n\n\n<li>Pressewart &#8211; N.N.  <\/li>\n<\/ul>\n\n\n\n<p>Im Folgenden stellen sich die Personen kurz vor.<\/p>\n\n\n\n<p><\/p>\n\n\n\n<h2 class=\"wp-block-heading\">Hans Jo Bischoff<\/h2>\n\n\n\n<figure class=\"wp-block-image size-large is-resized\"><img decoding=\"async\" loading=\"lazy\" src=\"http:\/\/buergerverein-kirchrode.de\/wp-content\/uploads\/2024\/05\/Hans-Jo-B-811x1024.jpeg\" alt=\"\" class=\"wp-image-724\" width=\"203\" height=\"256\" srcset=\"http:\/\/buergerverein-kirchrode.de\/wp-content\/uploads\/2024\/05\/Hans-Jo-B-811x1024.jpeg 811w, http:\/\/buergerverein-kirchrode.de\/wp-content\/uploads\/2024\/05\/Hans-Jo-B-238x300.jpeg 238w, http:\/\/buergerverein-kirchrode.de\/wp-content\/uploads\/2024\/05\/Hans-Jo-B-768x970.jpeg 768w, http:\/\/buergerverein-kirchrode.de\/wp-content\/uploads\/2024\/05\/Hans-Jo-B.jpeg 834w\" sizes=\"(max-width: 203px) 100vw, 203px\" \/><\/figure>\n\n\n\n<div style=\"height:15px\" aria-hidden=\"true\" class=\"wp-block-spacer\"><\/div>\n\n\n\n<p>Ich bin Hans Jo Bischoff und kandidiere f\u00fcr den stellvertretenden Vorsitzenden des B\u00fcrgervereins Kirchrode aus einem starken pers\u00f6nlichen Engagement f\u00fcr die Gemeinschaft und dem Wunsch, einen aktiven Beitrag zur Weiterentwicklung und St\u00e4rkung des Stadtteils zu leisten. Als langj\u00e4hriger Bewohner und engagierter B\u00fcrger verf\u00fcgt er \u00fcber ein tiefes Verst\u00e4ndnis f\u00fcr die Bed\u00fcrfnisse und Anliegen der Kirchr\u00f6der Gemeinschaft.<\/p>\n\n\n\n<p>Bischoff bringt eine F\u00fclle an Erfahrungen und F\u00e4higkeiten mit, die ihn zu einem idealen Kandidaten f\u00fcr den Vorstand des B\u00fcrgervereins machen. Sein beruflicher Hintergrund und sein Engagement in verschiedenen sozialen und gemeinn\u00fctzigen Projekten haben ihm ein umfassendes Verst\u00e4ndnis f\u00fcr die Herausforderungen und Chancen des Gemeinwesens vermittelt. Hans-Joachim Bischoff ist Pastpr\u00e4sident des Lions Club Hannover-Kirchrode. <\/p>\n\n\n\n<p>Als Mitglied des Vorstands strebt Hans-Joachim Bischoff danach, eine offene und transparente Kommunikation zu f\u00f6rdern, die Beteiligung der B\u00fcrgerinnen und B\u00fcrger zu st\u00e4rken und konstruktive L\u00f6sungen f\u00fcr lokale Anliegen zu finden. Sein Ziel ist es, gemeinsam mit anderen engagierten Mitgliedern des B\u00fcrgervereins dazu beizutragen, Kirchrode als lebenswerten und lebendigen Stadtteil weiterzuentwickeln und das Gemeinschaftsgef\u00fchl zu st\u00e4rken.<\/p>\n\n\n\n<p>Kontakt: vorstand@buergerverein-kirchrode.de<\/p>\n\n\n\n<h2 class=\"wp-block-heading\">Matthias Brambrink<\/h2>\n\n\n\n<figure class=\"wp-block-image size-large is-resized\"><img decoding=\"async\" loading=\"lazy\" src=\"http:\/\/buergerverein-kirchrode.de\/wp-content\/uploads\/2024\/05\/Matthias-B-1024x682.jpeg\" alt=\"\" class=\"wp-image-725\" width=\"256\" height=\"171\" srcset=\"http:\/\/buergerverein-kirchrode.de\/wp-content\/uploads\/2024\/05\/Matthias-B-1024x682.jpeg 1024w, http:\/\/buergerverein-kirchrode.de\/wp-content\/uploads\/2024\/05\/Matthias-B-300x200.jpeg 300w, http:\/\/buergerverein-kirchrode.de\/wp-content\/uploads\/2024\/05\/Matthias-B-768x512.jpeg 768w, http:\/\/buergerverein-kirchrode.de\/wp-content\/uploads\/2024\/05\/Matthias-B-1536x1023.jpeg 1536w, http:\/\/buergerverein-kirchrode.de\/wp-content\/uploads\/2024\/05\/Matthias-B-600x400.jpeg 600w, http:\/\/buergerverein-kirchrode.de\/wp-content\/uploads\/2024\/05\/Matthias-B.jpeg 1600w\" sizes=\"(max-width: 256px) 100vw, 256px\" \/><\/figure>\n\n\n\n<div style=\"height:15px\" aria-hidden=\"true\" class=\"wp-block-spacer\"><\/div>\n\n\n\n<p>Ich bin Matthias Brambrink &#8211; m\u00f6chte mit geregelten Finanzen zum Gelingen des Vereins beitragen. \u00a0<\/p>\n\n\n\n<p>Kontakt: kasse@buergerverein-kirchrode.de<\/p>\n\n\n\n<h2 class=\"wp-block-heading\">Tim T\u00f6pken<\/h2>\n\n\n\n<figure class=\"wp-block-image size-full is-resized\"><img decoding=\"async\" loading=\"lazy\" src=\"http:\/\/buergerverein-kirchrode.de\/wp-content\/uploads\/2024\/05\/WhatsApp-Image-2024-05-06-at-22.24.08.jpeg\" alt=\"\" class=\"wp-image-732\" width=\"249\" height=\"180\" srcset=\"http:\/\/buergerverein-kirchrode.de\/wp-content\/uploads\/2024\/05\/WhatsApp-Image-2024-05-06-at-22.24.08.jpeg 498w, http:\/\/buergerverein-kirchrode.de\/wp-content\/uploads\/2024\/05\/WhatsApp-Image-2024-05-06-at-22.24.08-300x217.jpeg 300w\" sizes=\"(max-width: 249px) 100vw, 249px\" \/><\/figure>\n\n\n\n<div style=\"height:15px\" aria-hidden=\"true\" class=\"wp-block-spacer\"><\/div>\n\n\n\n<p>Ich bin Tim T\u00f6pken.\u00a0In der Funktion des stellvertretenden Schriftf\u00fchrers m\u00f6chte ich den B\u00fcrgerverein insbesondere im administrativen Bereich unterst\u00fctzen.<\/p>\n\n\n\n<p>Kontakt: schrift@buergerverein-kirchrode.de<\/p>\n","protected":false},"excerpt":{"rendered":"<p>Ein wichtiger Punkt f\u00fcr die Mitgliederversammlung am 22.05.2024 um 18.00 Uhr in der alten Hahnenburg werden die Wahlen f\u00fcr die neu zu verteilenden Posten des Vorstandes werden. Unsere Satzung sieht verschiedene Szenarien vor, drei Posten sind<a class=\"moretag\" href=\"http:\/\/buergerverein-kirchrode.de\/?page_id=723\">Read More&#8230;<\/a><\/p>\n","protected":false},"author":2,"featured_media":0,"parent":0,"menu_order":0,"comment_status":"closed","ping_status":"closed","template":"","meta":[],"_links":{"self":[{"href":"http:\/\/buergerverein-kirchrode.de\/index.php?rest_route=\/wp\/v2\/pages\/723"}],"collection":[{"href":"http:\/\/buergerverein-kirchrode.de\/index.php?rest_route=\/wp\/v2\/pages"}],"about":[{"href":"http:\/\/buergerverein-kirchrode.de\/index.php?rest_route=\/wp\/v2\/types\/page"}],"author":[{"embeddable":true,"href":"http:\/\/buergerverein-kirchrode.de\/index.php?rest_route=\/wp\/v2\/users\/2"}],"replies":[{"embeddable":true,"href":"http:\/\/buergerverein-kirchrode.de\/index.php?rest_route=%2Fwp%2Fv2%2Fcomments&post=723"}],"version-history":[{"count":7,"href":"http:\/\/buergerverein-kirchrode.de\/index.php?rest_route=\/wp\/v2\/pages\/723\/revisions"}],"predecessor-version":[{"id":738,"href":"http:\/\/buergerverein-kirchrode.de\/index.php?rest_route=\/wp\/v2\/pages\/723\/revisions\/738"}],"wp:attachment":[{"href":"http:\/\/buergerverein-kirchrode.de\/index.php?rest_route=%2Fwp%2Fv2%2Fmedia&parent=723"}],"curies":[{"name":"wp","href":"https:\/\/api.w.org\/{rel}","templated":true}]}}