{"id":22,"date":"2016-03-10T18:28:04","date_gmt":"2016-03-10T18:28:04","guid":{"rendered":"http:\/\/buergerverein-kirchrode.net\/?page_id=22"},"modified":"2023-11-28T21:44:08","modified_gmt":"2023-11-28T21:44:08","slug":"der-buergerverein","status":"publish","type":"page","link":"http:\/\/buergerverein-kirchrode.de\/?page_id=22","title":{"rendered":"Der B\u00fcrgerverein"},"content":{"rendered":"<p>Der B\u00fcrgerverein Kirchrode e.V. wurde 1908 zur Vertretung des seinerzeit noch selbst\u00e4ndigen Kirchrode gegen\u00fcber den Interessen der sich ausdehnenden Stadt Hannover gegr\u00fcndet. Die politische Funktion des B\u00fcrgervereins wurde in den 70er Jahren durch die Einrichtung der Stadtbezirksr\u00e4te reduziert. Heute vertritt der B\u00fcrgerverein entsprechend seines Satzungszweckes die Allgemeininteressen Kirchrodes bzw. seiner Mitglieder im Stadtbezirksrat Kirchrode-Bemerode-W\u00fclferode und auch gegen\u00fcber anderen Stellen soweit dies f\u00f6rderlich ist.<\/p>\n<p>Vereinszweck ist u. a. die F\u00f6rderung des Gemeinschaftsgef\u00fchls im Stadtteil Kirchrode sowie die F\u00f6rderung der Interessen Kirchrodes und zwar auch aus Sicht wohlverstandenen hannoverschen Gesamtinteresses, insbesondere auch unter Einbeziehung von Umwelt-, Landschafts- und Denkmalschutz.<\/p>\n<p><b>Kontakt:<\/b><br \/>\nB\u00fcrgerverein Kirchrode e. V.<br \/>\nc\/o Kaiser-Wilhelm-Str. 1<br \/>\n30559 Hannover<br \/>\nE-Mail:\u00a0<a href=\"mailto:info@buergerverein-kirchrode.de\">info@buergerverein-kirchrode.de<\/a><\/p>\n","protected":false},"excerpt":{"rendered":"<p>Der B\u00fcrgerverein Kirchrode e.V. wurde 1908 zur Vertretung des seinerzeit noch selbst\u00e4ndigen Kirchrode gegen\u00fcber den Interessen der sich ausdehnenden Stadt Hannover gegr\u00fcndet. Die politische Funktion des B\u00fcrgervereins wurde in den 70er Jahren durch die Einrichtung der<a class=\"moretag\" href=\"http:\/\/buergerverein-kirchrode.de\/?page_id=22\">Read More&#8230;<\/a><\/p>\n","protected":false},"author":1,"featured_media":0,"parent":0,"menu_order":0,"comment_status":"closed","ping_status":"closed","template":"","meta":[],"_links":{"self":[{"href":"http:\/\/buergerverein-kirchrode.de\/index.php?rest_route=\/wp\/v2\/pages\/22"}],"collection":[{"href":"http:\/\/buergerverein-kirchrode.de\/index.php?rest_route=\/wp\/v2\/pages"}],"about":[{"href":"http:\/\/buergerverein-kirchrode.de\/index.php?rest_route=\/wp\/v2\/types\/page"}],"author":[{"embeddable":true,"href":"http:\/\/buergerverein-kirchrode.de\/index.php?rest_route=\/wp\/v2\/users\/1"}],"replies":[{"embeddable":true,"href":"http:\/\/buergerverein-kirchrode.de\/index.php?rest_route=%2Fwp%2Fv2%2Fcomments&post=22"}],"version-history":[{"count":2,"href":"http:\/\/buergerverein-kirchrode.de\/index.php?rest_route=\/wp\/v2\/pages\/22\/revisions"}],"predecessor-version":[{"id":703,"href":"http:\/\/buergerverein-kirchrode.de\/index.php?rest_route=\/wp\/v2\/pages\/22\/revisions\/703"}],"wp:attachment":[{"href":"http:\/\/buergerverein-kirchrode.de\/index.php?rest_route=%2Fwp%2Fv2%2Fmedia&parent=22"}],"curies":[{"name":"wp","href":"https:\/\/api.w.org\/{rel}","templated":true}]}}